{"id":301,"date":"2025-07-04T21:50:46","date_gmt":"2025-07-04T21:50:46","guid":{"rendered":"http:\/\/truly-hard-seltzer.local\/?page_id=301"},"modified":"2025-07-14T18:10:33","modified_gmt":"2025-07-14T18:10:33","slug":"faq","status":"publish","type":"page","link":"https:\/\/trulyhardseltzer.ca\/fr\/faq\/","title":{"rendered":"FAQs"},"content":{"rendered":"<div style=\"padding-bottom:10%\" class=\"wp-block-genesis-blocks-gb-container gb-block-container\"><div class=\"gb-container-inside\"><div class=\"gb-container-content\">\n<details class=\"wp-block-details truly-faq has-small-font-size is-layout-flow wp-block-details-is-layout-flow\"><summary>QU\u2019EST-CE QUE TRULY HARD SELTZER\u00ae? QUEL TYPE D\u2019ALCOOL CONTIENT-IL? QUELS SONT LES INGR\u00c9DIENTS DE TRULY HARD SELTZER\u00ae?<\/summary>\n<p>Truly Hard Seltzer est un seltzer alcoolis\u00e9 pur, vif et rafra\u00eechissant, avec une touche de saveur fruit\u00e9e et seulement 100 calories, 1\u202fg de sucre et 5\u202f% ALC.\/VOL. Il est \u00e9labor\u00e9 avec des ingr\u00e9dients simples, naturellement sans gluten. Toutes les versions produites localement de Truly contiennent de la vodka. Certains formats sont import\u00e9s dans certaines r\u00e9gions et fabriqu\u00e9s avec de l\u2019alcool issu de sucre de canne. Pour savoir quelle formule vous consommez, consultez la Table de la valeur nutritive sur chaque canette ou bo\u00eete. Truly est maintenant offert en 24 saveurs d\u00e9licieuses, dont quatre saveurs de Truly Lemonade Hard Seltzer, quatre de Truly Iced Tea Hard Seltzer, quatre du nouveau Truly Punch Hard Seltzer, quatre de Truly Berry Hard Seltzer et quatre de Truly Tropical Hard Seltzer.<\/p>\n<\/details>\n\n\n\n<details class=\"wp-block-details truly-faq has-small-font-size is-layout-flow wp-block-details-is-layout-flow\"><summary>TRULY HARD SELTZER\u00ae EST-IL SANS GLUTEN?<\/summary>\n<p>Oui! Les saveurs de Truly Hard Seltzer\u00ae sont naturellement sans gluten.<\/p>\n<\/details>\n\n\n\n<details class=\"wp-block-details truly-faq has-small-font-size is-layout-flow wp-block-details-is-layout-flow\"><summary>D\u2019O\u00d9 VIENNENT LES 100 CALORIES?<\/summary>\n<p>La majorit\u00e9 des calories dans Truly proviennent de l\u2019alcool. Les quelques restantes proviennent des sucres, d\u2019autres glucides et d\u2019ingr\u00e9dients naturels.<\/p>\n<\/details>\n\n\n\n<details class=\"wp-block-details truly-faq has-small-font-size is-layout-flow wp-block-details-is-layout-flow\"><summary>TRULY LEMONADE CONTIENT-IL DU VRAI JUS DE CITRON?<\/summary>\n<p>Truly Lemonade contient moins de 1\u202f% de concentr\u00e9 de jus de citron pour un go\u00fbt authentique de limonade.<\/p>\n<\/details>\n\n\n\n<details class=\"wp-block-details truly-faq has-small-font-size is-layout-flow wp-block-details-is-layout-flow\"><summary>COMMENT PUIS-JE CONNA\u00ceTRE LA TENEUR EN CALORIES, GLUCIDES, SUCRE ET ALCOOL DE TRULY HARD SELTZER\u00ae?<\/summary>\n<p>Regardez \u00e0 l\u2019endos de la canette! Toutes les canettes de 355\u202fmL de Truly Hard Seltzer contiennent 100 calories, 5\u202f% alc.\/vol., 1\u202fg de sucre et de 2 \u00e0 3\u202fg de glucides.<\/p>\n<\/details>\n\n\n\n<details class=\"wp-block-details truly-faq has-small-font-size is-layout-flow wp-block-details-is-layout-flow\"><summary>COMMENT TRULY LEMONADE EST-IL SUCR\u00c9? QUELLE EST SA TENEUR EN SUCRE?<\/summary>\n<p>Truly Lemonade est sucr\u00e9 avec une petite quantit\u00e9 de sucre de canne et de st\u00e9via. La st\u00e9via est un \u00e9dulcorant naturel sans calories, d\u00e9riv\u00e9 de plantes. Cette saveur contient seulement 1\u202fg de sucre par portion de 355\u202fmL.<\/p>\n<\/details>\n\n\n\n<details class=\"wp-block-details truly-faq has-small-font-size is-layout-flow wp-block-details-is-layout-flow\"><summary>J\u2019AI UNE ALLERGIE. QUELS ALLERG\u00c8NES SE TROUVENT DANS TRULY HARD SELTZER\u00ae?<\/summary>\n<p>En tant que brasseurs et amateurs de boissons, nous comprenons vos pr\u00e9occupations concernant les allerg\u00e8nes potentiels dans les produits que vous consommez. La s\u00e9curit\u00e9 de nos produits et de nos consommateurs est une priorit\u00e9 absolue. Nous s\u00e9lectionnons et int\u00e9grons soigneusement chaque ingr\u00e9dient afin d\u2019offrir des boissons de la plus haute qualit\u00e9. En plus des \u00e9tiquettes et des informations d\u2019emballage, nous nous engageons \u00e0 faire preuve de transparence envers nos consommateurs. Vous trouverez ci-dessous la liste des produits Truly Hard Seltzer contenant l\u2019un des huit allerg\u00e8nes alimentaires majeurs (lait, \u0153ufs, poisson, crustac\u00e9s, noix, bl\u00e9, arachides, soya) ou certaines sensibilit\u00e9s (sulfites et gluten). Cette information refl\u00e8te les produits distribu\u00e9s \u00e0 l\u2019\u00e9chelle nationale. Pour toute autre question, utilisez le formulaire \u00ab\u202fContactez-nous\u202f\u00bb ci-dessous. Aucun des produits que nous brassons actuellement ne contient d\u2019ingr\u00e9dients (ou d\u00e9riv\u00e9s) de lait, \u0153ufs, poisson, crustac\u00e9s, noix, bl\u00e9, arachides ou soya. Les mentions \u00ab CONTIENT \u00bb indiquent la pr\u00e9sence d\u2019allerg\u00e8nes dans la recette; \u00ab PEUT CONTENIR \u00bb indique une possibilit\u00e9 de contamination crois\u00e9e malgr\u00e9 tous nos efforts. Les personnes sensibles aux allerg\u00e8nes \u00e9num\u00e9r\u00e9s dans ces mentions devraient \u00e9viter ce produit.<\/p>\n<\/details>\n\n\n\n<details class=\"wp-block-details truly-faq has-small-font-size is-layout-flow wp-block-details-is-layout-flow\"><summary>QU\u2019EST-CE QUI DIFF\u00c9RENCIE TRULY VODKA SELTZER DES AUTRES PRODUITS TRULY?<\/summary>\n<p>Imaginez Truly Hard Seltzer\u2026 mais avec plus de caract\u00e8re! Truly Vodka Seltzer est pr\u00e9par\u00e9 avec de la vodka distill\u00e9e six fois, du vrai jus de fruits et des saveurs haut de gamme. Bien qu\u2019il contienne 1\u202fg de sucre et 10 calories de plus que nos seltzers classiques, le vrai jus de fruits garantit une explosion de saveur et une richesse naturelle \u00e0 chaque gorg\u00e9e.<\/p>\n<\/details>\n\n\n\n<details class=\"wp-block-details truly-faq has-small-font-size is-layout-flow wp-block-details-is-layout-flow\"><summary>POURQUOI TRULY EST-IL UN CHOIX \u00ab\u202fMEILLEUR POUR VOUS\u202f\u00bb?<\/summary>\n<p>Notre emballage peut crier \u00ab\u202ftrop de sucre\u202f\u00bb, mais son contenu dit tout le contraire! Contrairement \u00e0 plusieurs boissons alcoolis\u00e9es bourr\u00e9es de sucre et de calories vides, les canettes de 355\u202fmL de Truly contiennent seulement 100 calories et 1 gramme de sucre. Une option faible en sucre et en calories \u2014 sans compromis sur la saveur ni la fra\u00eecheur.<\/p>\n<\/details>\n<\/div><\/div><\/div>","protected":false},"excerpt":{"rendered":"","protected":false},"author":3,"featured_media":380,"parent":0,"menu_order":0,"comment_status":"closed","ping_status":"closed","template":"templates\/truly-page.php","meta":{"_genesis_block_theme_hide_title":true,"footnotes":""},"class_list":["post-301","page","type-page","status-publish","has-post-thumbnail","hentry","post","with-featured-image"],"featured_image_src":"https:\/\/trulyhardseltzer.ca\/wp-content\/uploads\/2025\/07\/truly-faq-1-600x400.png","featured_image_src_square":"https:\/\/trulyhardseltzer.ca\/wp-content\/uploads\/2025\/07\/truly-faq-1-600x600.png","_links":{"self":[{"href":"https:\/\/trulyhardseltzer.ca\/fr\/wp-json\/wp\/v2\/pages\/301","targetHints":{"allow":["GET"]}}],"collection":[{"href":"https:\/\/trulyhardseltzer.ca\/fr\/wp-json\/wp\/v2\/pages"}],"about":[{"href":"https:\/\/trulyhardseltzer.ca\/fr\/wp-json\/wp\/v2\/types\/page"}],"author":[{"embeddable":true,"href":"https:\/\/trulyhardseltzer.ca\/fr\/wp-json\/wp\/v2\/users\/3"}],"replies":[{"embeddable":true,"href":"https:\/\/trulyhardseltzer.ca\/fr\/wp-json\/wp\/v2\/comments?post=301"}],"version-history":[{"count":0,"href":"https:\/\/trulyhardseltzer.ca\/fr\/wp-json\/wp\/v2\/pages\/301\/revisions"}],"wp:featuredmedia":[{"embeddable":true,"href":"https:\/\/trulyhardseltzer.ca\/fr\/wp-json\/wp\/v2\/media\/380"}],"wp:attachment":[{"href":"https:\/\/trulyhardseltzer.ca\/fr\/wp-json\/wp\/v2\/media?parent=301"}],"curies":[{"name":"wp","href":"https:\/\/api.w.org\/{rel}","templated":true}]}}